{"id":154,"date":"2023-06-30T19:36:40","date_gmt":"2023-06-30T17:36:40","guid":{"rendered":"https:\/\/atelier15-loftstudio.de\/?page_id=154"},"modified":"2024-11-18T12:09:43","modified_gmt":"2024-11-18T11:09:43","slug":"agb","status":"publish","type":"page","link":"https:\/\/atelier15-loftstudio.de\/en\/agb\/","title":{"rendered":"gtc"},"content":{"rendered":"<div data-elementor-type=\"wp-post\" data-elementor-id=\"154\" class=\"elementor elementor-154\" data-elementor-post-type=\"page\">\n\t\t\t\t\t\t<section class=\"elementor-section elementor-top-section elementor-element elementor-element-772b440f elementor-section-full_width elementor-section-height-default elementor-section-height-default\" data-id=\"772b440f\" data-element_type=\"section\" data-e-type=\"section\" data-settings=\"{&quot;background_background&quot;:&quot;classic&quot;}\">\n\t\t\t\t\t\t\t<div class=\"elementor-background-overlay\"><\/div>\n\t\t\t\t\t\t\t<div class=\"elementor-container elementor-column-gap-default\">\n\t\t\t\t\t<div class=\"elementor-column elementor-col-100 elementor-top-column elementor-element elementor-element-137fbbe3\" data-id=\"137fbbe3\" data-element_type=\"column\" data-e-type=\"column\">\n\t\t\t<div class=\"elementor-widget-wrap elementor-element-populated\">\n\t\t\t\t\t\t<section class=\"elementor-section elementor-inner-section elementor-element elementor-element-457c1db6 elementor-section-full_width elementor-section-height-default elementor-section-height-default\" data-id=\"457c1db6\" data-element_type=\"section\" data-e-type=\"section\">\n\t\t\t\t\t\t<div class=\"elementor-container elementor-column-gap-default\">\n\t\t\t\t\t<div class=\"elementor-column elementor-col-33 elementor-inner-column elementor-element elementor-element-6f7b6e86\" data-id=\"6f7b6e86\" data-element_type=\"column\" data-e-type=\"column\">\n\t\t\t<div class=\"elementor-widget-wrap elementor-element-populated\">\n\t\t\t\t\t\t<div class=\"elementor-element elementor-element-79e97eb9 elementor-widget elementor-widget-image\" data-id=\"79e97eb9\" data-element_type=\"widget\" data-e-type=\"widget\" data-widget_type=\"image.default\">\n\t\t\t\t<div class=\"elementor-widget-container\">\n\t\t\t\t\t\t\t\t\t\t\t\t\t\t\t\t<a href=\"https:\/\/atelier15-loftstudio.de\/en\/\">\n\t\t\t\t\t\t\t<img decoding=\"async\" src=\"https:\/\/atelier15-loftstudio.de\/wp-content\/uploads\/2023\/06\/a15-main-b.svg\" title=\"a15-main-b\" alt=\"a15-main-b\" loading=\"lazy\" \/>\t\t\t\t\t\t\t\t<\/a>\n\t\t\t\t\t\t\t\t\t\t\t\t\t\t\t<\/div>\n\t\t\t\t<\/div>\n\t\t\t\t\t<\/div>\n\t\t<\/div>\n\t\t\t\t<div class=\"elementor-column elementor-col-33 elementor-inner-column elementor-element elementor-element-69c891d0\" data-id=\"69c891d0\" data-element_type=\"column\" data-e-type=\"column\">\n\t\t\t<div class=\"elementor-widget-wrap elementor-element-populated\">\n\t\t\t\t\t\t<div class=\"elementor-element elementor-element-4d5c33ea elementor-align-right elementor-mobile-align-center elementor-widget elementor-widget-button\" data-id=\"4d5c33ea\" data-element_type=\"widget\" data-e-type=\"widget\" data-widget_type=\"button.default\">\n\t\t\t\t<div class=\"elementor-widget-container\">\n\t\t\t\t\t\t\t\t\t<div class=\"elementor-button-wrapper\">\n\t\t\t\t\t<a class=\"elementor-button elementor-button-link elementor-size-lg\" href=\"https:\/\/atelier15-loftstudio.de\/en\/#standort\">\n\t\t\t\t\t\t<span class=\"elementor-button-content-wrapper\">\n\t\t\t\t\t\t\t\t\t<span class=\"elementor-button-text\">location<\/span>\n\t\t\t\t\t<\/span>\n\t\t\t\t\t<\/a>\n\t\t\t\t<\/div>\n\t\t\t\t\t\t\t\t<\/div>\n\t\t\t\t<\/div>\n\t\t\t\t\t<\/div>\n\t\t<\/div>\n\t\t\t\t<div class=\"elementor-column elementor-col-33 elementor-inner-column elementor-element elementor-element-54336879\" data-id=\"54336879\" data-element_type=\"column\" data-e-type=\"column\">\n\t\t\t<div class=\"elementor-widget-wrap elementor-element-populated\">\n\t\t\t\t\t\t<div class=\"elementor-element elementor-element-2a79e960 elementor-align-right elementor-widget elementor-widget-button\" data-id=\"2a79e960\" data-element_type=\"widget\" data-e-type=\"widget\" data-widget_type=\"button.default\">\n\t\t\t\t<div class=\"elementor-widget-container\">\n\t\t\t\t\t\t\t\t\t<div class=\"elementor-button-wrapper\">\n\t\t\t\t\t<a class=\"elementor-button elementor-button-link elementor-size-lg\" href=\"https:\/\/atelier15-loftstudio.de\/en\/#buchung\">\n\t\t\t\t\t\t<span class=\"elementor-button-content-wrapper\">\n\t\t\t\t\t\t\t\t\t<span class=\"elementor-button-text\">book now<\/span>\n\t\t\t\t\t<\/span>\n\t\t\t\t\t<\/a>\n\t\t\t\t<\/div>\n\t\t\t\t\t\t\t\t<\/div>\n\t\t\t\t<\/div>\n\t\t\t\t\t<\/div>\n\t\t<\/div>\n\t\t\t\t\t<\/div>\n\t\t<\/section>\n\t\t\t\t\t<\/div>\n\t\t<\/div>\n\t\t\t\t\t<\/div>\n\t\t<\/section>\n\t\t\t\t<section class=\"elementor-section elementor-top-section elementor-element elementor-element-550c35c elementor-section-boxed elementor-section-height-default elementor-section-height-default\" data-id=\"550c35c\" data-element_type=\"section\" data-e-type=\"section\">\n\t\t\t\t\t\t<div class=\"elementor-container elementor-column-gap-default\">\n\t\t\t\t\t<div class=\"elementor-column elementor-col-100 elementor-top-column elementor-element elementor-element-c16b652\" data-id=\"c16b652\" data-element_type=\"column\" data-e-type=\"column\">\n\t\t\t<div class=\"elementor-widget-wrap elementor-element-populated\">\n\t\t\t\t\t\t<div class=\"elementor-element elementor-element-06140c5 elementor-widget elementor-widget-heading\" data-id=\"06140c5\" data-element_type=\"widget\" data-e-type=\"widget\" data-widget_type=\"heading.default\">\n\t\t\t\t<div class=\"elementor-widget-container\">\n\t\t\t\t\t<h2 class=\"elementor-heading-title elementor-size-default\">allgemeine gesch\u00e4ftsbedingungen<\/h2>\t\t\t\t<\/div>\n\t\t\t\t<\/div>\n\t\t\t\t<div class=\"elementor-element elementor-element-58dfe02 elementor-widget elementor-widget-text-editor\" data-id=\"58dfe02\" data-element_type=\"widget\" data-e-type=\"widget\" data-widget_type=\"text-editor.default\">\n\t\t\t\t<div class=\"elementor-widget-container\">\n\t\t\t\t\t\t\t\t\t<ol><li><strong>Geltungsbereich<\/strong><\/li><\/ol><p><span style=\"font-weight: 400;\">Diese nachfolgenden allgemeinen Gesch\u00e4ftsbedingungen (im Folgenden &#8222;AGB&#8220; genannt) gelten f\u00fcr s\u00e4mtliche Auftr\u00e4ge, Angebote, Lieferungen und Leistungen, insbesondere die Vermietung des Mietstudios und der darin enthaltenen Gegenst\u00e4nde, technischen Ger\u00e4te und Anlagen durch Atelier 15.<\/span><\/p><p><span style=\"font-weight: 400;\">Die AGB gelten als vereinbart, sobald das Studio \u00fcbernommen, die Lieferung oder Leistung akzeptiert oder das Angebot angenommen wird.<\/span><\/p><p><span style=\"font-weight: 400;\">Vertragliche Abreden, die von den Bestimmungen der AGB abweichen oder diese aufheben, bed\u00fcrfen der schriftlichen Best\u00e4tigung durch den Vermieter, um wirksam zu sein.<\/span><\/p><p><span style=\"font-weight: 400;\">Die AGB gelten f\u00fcr die laufende Gesch\u00e4ftsbeziehung, jedoch nicht f\u00fcr zuk\u00fcnftige Auftr\u00e4ge, Angebote, Lieferungen und Leistungen von Atelier 15, sofern diese nicht ausdr\u00fccklich einbezogen werden.<\/span><\/p><ol start=\"2\"><li><strong> Miete<\/strong><\/li><\/ol><p><span style=\"font-weight: 400;\">Die vereinbarte Mietgeb\u00fchr richtet sich nach der aktuellen Preisliste.<\/span><\/p><p><span style=\"font-weight: 400;\">Der*Die Mieter*in ist verpflichtet, den vereinbarten Beginn und das Ende der Mietzeit einzuhalten. Bei einer vom Atelier 15 nicht verschuldeten versp\u00e4teten Mietbeginn wird die volle Mietgeb\u00fchr berechnet. Es besteht kein Anspruch auf weitere \u00dcberlassung bei Termin\u00fcberschreitung.<\/span><\/p><p><span style=\"font-weight: 400;\">Bei Stornierungen bis zu 7 Tage vor dem gebuchten Termin entstehen keine Kosten. Bei Stornierungen 5 Tage vor dem Termin werden 50% der Mietgeb\u00fchr f\u00e4llig, und bei Stornierungen innerhalb von 2 Tagen vor dem Termin wird die volle Mietgeb\u00fchr berechnet. Wenn ein Ersatztermin innerhalb der n\u00e4chsten 14 Tage gebucht und im Voraus bezahlt wird, entf\u00e4llt die Stornogeb\u00fchr. Falls der Ersatztermin ebenfalls nicht wahrgenommen wird, wird er mit weiteren 100% der Mietgeb\u00fchr berechnet.<\/span><\/p><p><span style=\"font-weight: 400;\">W\u00e4hrend der gesamten Mietdauer beh\u00e4lt der Vermieter das Hausrecht \u00fcber die Mietsache und kann die R\u00e4umlichkeiten jederzeit selbst oder durch beauftragtes Personal betreten. Der*Die Vermieter*in wird dabei R\u00fccksicht auf laufende Aufnahmen nehmen.<\/span><\/p><ol start=\"3\"><li><strong> Zahlungsbedingungen<\/strong><\/li><\/ol><p><span style=\"font-weight: 400;\">Die Miete ist direkt bei der Buchung des Mietstudios f\u00e4llig. Im Falle einer Stornierung des Termins ist die f\u00e4llige Geb\u00fchr sofort zu entrichten (siehe Abschnitt 2d).<\/span><\/p><p><span style=\"font-weight: 400;\">Sonderregelungen k\u00f6nnen nach vorheriger Absprache und schriftlicher Vereinbarung getroffen werden.<\/span><\/p><ol start=\"4\"><li><strong> Nutzung<\/strong><\/li><\/ol><p><span style=\"font-weight: 400;\">Der*Die Mieter*in verpflichtet sich, die Mietr\u00e4ume und -gegenst\u00e4nde sorgf\u00e4ltig zu behandeln und sie nicht zweckentfremdet zu nutzen. Der*Die Mieter*in hat die geltenden Arbeits- und Betriebsanordnungen sowie alle beh\u00f6rdlichen Anordnungen und Vorschriften zu beachten. Er*sie tr\u00e4gt daf\u00fcr Sorge, dass auch alle beauftragten Dritten und Besucher*innen die vertraglichen Verpflichtungen einhalten.<\/span><\/p><p><span style=\"font-weight: 400;\">Die Verwendung von Materialien und Hilfsmitteln, die zu Besch\u00e4digungen oder Verunreinigungen der Studior\u00e4ume und -ger\u00e4te f\u00fchren k\u00f6nnten oder eine Gef\u00e4hrdung von Personen verursachen k\u00f6nnten (z. B. brennbare Fl\u00fcssigkeiten, offenes Feuer, Wasser- oder Explosionsaufnahmen), ist untersagt. Dies schlie\u00dft auch die eigenst\u00e4ndige Verwendung von Wasser, Sand und Erde ein.<\/span><\/p><p><span style=\"font-weight: 400;\">Ein Umbau der gemieteten Ger\u00e4te ist nicht gestattet, insbesondere bei stromf\u00fchrenden Teilen. Ohne besondere Vereinbarung d\u00fcrfen die mitgemieteten Ger\u00e4te nur innerhalb der Studior\u00e4ume genutzt werden.<\/span><\/p><p><span style=\"font-weight: 400;\">Ohne unsere vorherige schriftliche Zustimmung ist es Mieter*innen nicht gestattet, Rechte oder Pflichten aus diesem Vertrag ganz oder teilweise auf Dritte zu \u00fcbertragen. Bei Zustimmung haften der*die Mieter*in und der Dritte gesamtschuldnerisch.<\/span><\/p><p><span style=\"font-weight: 400;\">Atelier 15 beh\u00e4lt sich das Recht vor, ohne Einhaltung von K\u00fcndigungsfristen und unter Ausschluss jeglicher Schadenersatzverpflichtungen seitens der Mieter*innen vorzeitig vom Mietvertrag zur\u00fcckzutreten, wenn der Mieter grob fahrl\u00e4ssig handelt, die Betriebssicherheit gef\u00e4hrdet oder gegen Vertragspflichten verst\u00f6\u00dft, die nicht mit den Interessen des Mietstudios vereinbar sind.<\/span><\/p><ol start=\"5\"><li><strong> Zustand der R\u00e4ume<\/strong><\/li><\/ol><p><span style=\"font-weight: 400;\">Die R\u00e4umlichkeiten werden im besenreinen Zustand vermietet. Der*Die Mieter*in ist verantwortlich f\u00fcr die \u00dcberpr\u00fcfung des Zustands auf Sauberkeit und Vollst\u00e4ndigkeit bei Mietbeginn. Etwaige Beanstandungen m\u00fcssen im Voraus gemeldet werden. Bei Beendigung des Mietzeitraums ist das Studio im gleichen Zustand zu \u00fcbergeben. Die daf\u00fcr erforderliche Zeit muss von Mieter*innen innerhalb der Mietdauer ber\u00fccksichtigt werden.<\/span><\/p><p><span style=\"font-weight: 400;\">Falls das Studio nach dem Mietzeitraum in einem stark verschmutzten Zustand ist, insbesondere durch Creme- und Fettflecken, beh\u00e4lt sich der*die Vermieter*in das Recht vor, Mieter*innen die Reinigung der R\u00e4umlichkeiten sowie die entstehenden Folgekosten (z. B. Mietausfall) in Rechnung zu stellen.<\/span><\/p><ol start=\"6\"><li><strong> Eigentumsvorbehalt<\/strong><\/li><\/ol><p><span style=\"font-weight: 400;\">Alle vom Atelier 15 vermieteten Ger\u00e4te und Gegenst\u00e4nde bleiben uneingeschr\u00e4nkt Eigentum des Atelier 15. Der Verkauf, die Vermietung, die \u00dcberlassung an Dritte oder das Entfernen von gemieteten Gegenst\u00e4nden aus den Mietr\u00e4umen ist nur mit vorheriger schriftlicher Einwilligung gestattet.<\/span><\/p><ol start=\"7\"><li><strong> Haftung<\/strong><\/li><\/ol><p><span style=\"font-weight: 400;\">Der*Die Vermieter*in \u00fcbernimmt keine Haftung f\u00fcr die von Mieter*innen in das Mietstudio eingebrachten Gegenst\u00e4nde oder Ausr\u00fcstung (z. B. Garderobe, Requisiten, technische Ger\u00e4te).<\/span><\/p><p><span style=\"font-weight: 400;\">Der*Die Mieter*in haftet gegen\u00fcber dem Atelier 15 und Gesellschaftern f\u00fcr alle w\u00e4hrend der Mietdauer entstandenen Sch\u00e4den an der Einrichtung, den Ger\u00e4ten, der Ausr\u00fcstung und den Requisiten. Diese Haftung erstreckt sich auch auf Sch\u00e4den, die von Mitarbeiter*innen, Besucher*innen oder Models der Mieter*innen verursacht wurden. Der*Die Mieter*in ist verantwortlich f\u00fcr Personensch\u00e4den, Folgesch\u00e4den und die damit verbundenen Kosten (z. B. Mietausfall). Der*Die Mieter*in stellt den*die Vermieter*in von jeglicher Haftung Dritten gegen\u00fcber f\u00fcr solche Sch\u00e4den frei. Schadensf\u00e4lle oder Defekte an Ger\u00e4ten oder der Raumausstattung sind unverz\u00fcglich zu melden.<\/span><\/p><p><span style=\"font-weight: 400;\">Das Atelier 15 und seine Gesellschafter haften f\u00fcr Ausfallsch\u00e4den von Mieter*innen nur im Falle von Vorsatz oder grober Fahrl\u00e4ssigkeit. Eine Haftung des Vermieters f\u00fcr Sch\u00e4den aufgrund h\u00f6herer Gewalt ist ausgeschlossen.<\/span><\/p><ol start=\"8\"><li><strong> Urheberrecht<\/strong><\/li><\/ol><p><span style=\"font-weight: 400;\">Der*Die Mieter*in ist verpflichtet, die erforderlichen Leistungsschutz- und Urheberrechte sowie andere Rechte f\u00fcr alle Bildaufnahmen, die in den R\u00e4umlichkeiten des Fotostudios erstellt werden, auf eigene Kosten zu erwerben.<\/span><\/p><ol start=\"9\"><li><strong> Recht und Gerichtsstand<\/strong><\/li><\/ol><p><span style=\"font-weight: 400;\">F\u00fcr alle mietvertraglichen Angelegenheiten gilt ausschlie\u00dflich das deutsche Recht.<\/span><\/p><p><span style=\"font-weight: 400;\">\u00c4nderungen oder Erg\u00e4nzungen dieses Vertrags oder der Allgemeinen Gesch\u00e4ftsbedingungen sind nur schriftlich g\u00fcltig.<\/span><\/p><p><span style=\"font-weight: 400;\">Sollte eine Bestimmung dieser Allgemeinen Gesch\u00e4ftsbedingungen unwirksam oder nichtig sein, ber\u00fchrt dies nicht die Wirksamkeit der \u00fcbrigen Bestimmungen. Die Parteien verpflichten sich, die ung\u00fcltige Bestimmung durch eine Regelung zu ersetzen, die dem wirtschaftlichen und rechtlichen Zweck am n\u00e4chsten kommt.<\/span><\/p><p><span style=\"font-weight: 400;\">Der Erf\u00fcllungsort f\u00fcr alle Verpflichtungen aus diesem Vertrag ist Bonn. Als Gerichtsstand f\u00fcr alle Streitigkeiten aus diesem Vertrag wird ebenfalls Bonn vereinbart.<\/span><\/p>\t\t\t\t\t\t\t\t<\/div>\n\t\t\t\t<\/div>\n\t\t\t\t\t<\/div>\n\t\t<\/div>\n\t\t\t\t\t<\/div>\n\t\t<\/section>\n\t\t\t\t<section class=\"elementor-section elementor-top-section elementor-element elementor-element-502a02bb elementor-section-boxed elementor-section-height-default elementor-section-height-default\" data-id=\"502a02bb\" data-element_type=\"section\" data-e-type=\"section\" data-settings=\"{&quot;background_background&quot;:&quot;classic&quot;}\">\n\t\t\t\t\t\t\t<div class=\"elementor-background-overlay\"><\/div>\n\t\t\t\t\t\t\t<div class=\"elementor-container elementor-column-gap-default\">\n\t\t\t\t\t<div class=\"elementor-column elementor-col-25 elementor-top-column elementor-element elementor-element-2f97ed71\" data-id=\"2f97ed71\" data-element_type=\"column\" data-e-type=\"column\">\n\t\t\t<div class=\"elementor-widget-wrap elementor-element-populated\">\n\t\t\t\t\t\t<div class=\"elementor-element elementor-element-16127df5 elementor-widget elementor-widget-image\" data-id=\"16127df5\" data-element_type=\"widget\" data-e-type=\"widget\" data-widget_type=\"image.default\">\n\t\t\t\t<div class=\"elementor-widget-container\">\n\t\t\t\t\t\t\t\t\t\t\t\t\t\t\t<img decoding=\"async\" width=\"158\" height=\"31\" src=\"https:\/\/atelier15-loftstudio.de\/wp-content\/uploads\/2023\/06\/a15-main-b.svg\" class=\"attachment-large size-large wp-image-97\" alt=\"\" \/>\t\t\t\t\t\t\t\t\t\t\t\t\t\t\t<\/div>\n\t\t\t\t<\/div>\n\t\t\t\t\t<\/div>\n\t\t<\/div>\n\t\t\t\t<div class=\"elementor-column elementor-col-25 elementor-top-column elementor-element elementor-element-48bc09d9\" data-id=\"48bc09d9\" data-element_type=\"column\" data-e-type=\"column\">\n\t\t\t<div class=\"elementor-widget-wrap elementor-element-populated\">\n\t\t\t\t\t\t<div class=\"elementor-element elementor-element-8033ae2 elementor-widget elementor-widget-text-editor\" data-id=\"8033ae2\" data-element_type=\"widget\" data-e-type=\"widget\" data-widget_type=\"text-editor.default\">\n\t\t\t\t<div class=\"elementor-widget-container\">\n\t\t\t\t\t\t\t\t\t<p class=\"p1\">Atelier15 GmbH (haftungsbeschr\u00e4nkt)<\/p><p class=\"p1\">Auguststra\u00dfe 18<\/p><p class=\"p1\">53229 Bonn<\/p><p><a style=\"color: #a8a6a1;\" href=\"mailto:create@atelier15-loftstudio.de\">create@atelier15-loftstudio.de<\/a><\/p>\t\t\t\t\t\t\t\t<\/div>\n\t\t\t\t<\/div>\n\t\t\t\t\t<\/div>\n\t\t<\/div>\n\t\t\t\t<div class=\"elementor-column elementor-col-25 elementor-top-column elementor-element elementor-element-1411b933\" data-id=\"1411b933\" data-element_type=\"column\" data-e-type=\"column\">\n\t\t\t<div class=\"elementor-widget-wrap elementor-element-populated\">\n\t\t\t\t\t\t<div class=\"elementor-element elementor-element-7027d7c3 elementor-nav-menu--dropdown-tablet elementor-nav-menu__text-align-aside elementor-nav-menu--toggle elementor-nav-menu--burger elementor-widget elementor-widget-nav-menu\" data-id=\"7027d7c3\" data-element_type=\"widget\" data-e-type=\"widget\" data-settings=\"{&quot;layout&quot;:&quot;vertical&quot;,&quot;submenu_icon&quot;:{&quot;value&quot;:&quot;&lt;i class=\\&quot;fas fa-caret-down\\&quot;&gt;&lt;\\\/i&gt;&quot;,&quot;library&quot;:&quot;fa-solid&quot;},&quot;toggle&quot;:&quot;burger&quot;}\" data-widget_type=\"nav-menu.default\">\n\t\t\t\t<div class=\"elementor-widget-container\">\n\t\t\t\t\t\t\t\t<nav aria-label=\"Men\u00fc\" class=\"elementor-nav-menu--main elementor-nav-menu__container elementor-nav-menu--layout-vertical e--pointer-underline e--animation-fade\">\n\t\t\t\t<ul id=\"menu-1-7027d7c3\" class=\"elementor-nav-menu sm-vertical\"><li class=\"menu-item menu-item-type-post_type menu-item-object-page menu-item-privacy-policy menu-item-12760\"><a rel=\"privacy-policy\" href=\"https:\/\/atelier15-loftstudio.de\/en\/datenschutz\/\" class=\"elementor-item\">privacy<\/a><\/li>\n<li class=\"menu-item menu-item-type-post_type menu-item-object-page menu-item-12758\"><a href=\"https:\/\/atelier15-loftstudio.de\/en\/agb\/\" class=\"elementor-item\">gtc<\/a><\/li>\n<li class=\"menu-item menu-item-type-post_type menu-item-object-page menu-item-12759\"><a href=\"https:\/\/atelier15-loftstudio.de\/en\/impressum\/\" class=\"elementor-item\">imprint<\/a><\/li>\n<\/ul>\t\t\t<\/nav>\n\t\t\t\t\t<div class=\"elementor-menu-toggle\" role=\"button\" tabindex=\"0\" aria-label=\"Menu Toggle\" aria-expanded=\"false\">\n\t\t\t<i aria-hidden=\"true\" role=\"presentation\" class=\"elementor-menu-toggle__icon--open eicon-menu-bar\"><\/i><i aria-hidden=\"true\" role=\"presentation\" class=\"elementor-menu-toggle__icon--close eicon-close\"><\/i>\t\t<\/div>\n\t\t\t\t\t<nav class=\"elementor-nav-menu--dropdown elementor-nav-menu__container\" aria-hidden=\"true\">\n\t\t\t\t<ul id=\"menu-2-7027d7c3\" class=\"elementor-nav-menu sm-vertical\"><li class=\"menu-item menu-item-type-post_type menu-item-object-page menu-item-privacy-policy menu-item-12760\"><a rel=\"privacy-policy\" href=\"https:\/\/atelier15-loftstudio.de\/en\/datenschutz\/\" class=\"elementor-item\" tabindex=\"-1\">privacy<\/a><\/li>\n<li class=\"menu-item menu-item-type-post_type menu-item-object-page menu-item-12758\"><a href=\"https:\/\/atelier15-loftstudio.de\/en\/agb\/\" class=\"elementor-item\" tabindex=\"-1\">gtc<\/a><\/li>\n<li class=\"menu-item menu-item-type-post_type menu-item-object-page menu-item-12759\"><a href=\"https:\/\/atelier15-loftstudio.de\/en\/impressum\/\" class=\"elementor-item\" tabindex=\"-1\">imprint<\/a><\/li>\n<\/ul>\t\t\t<\/nav>\n\t\t\t\t\t\t<\/div>\n\t\t\t\t<\/div>\n\t\t\t\t\t<\/div>\n\t\t<\/div>\n\t\t\t\t<div class=\"elementor-column elementor-col-25 elementor-top-column elementor-element elementor-element-2a5822f\" data-id=\"2a5822f\" data-element_type=\"column\" data-e-type=\"column\">\n\t\t\t<div class=\"elementor-widget-wrap elementor-element-populated\">\n\t\t\t\t\t\t<div class=\"elementor-element elementor-element-447254e1 elementor-shape-circle elementor-grid-3 e-grid-align-center elementor-widget elementor-widget-social-icons\" data-id=\"447254e1\" data-element_type=\"widget\" data-e-type=\"widget\" data-widget_type=\"social-icons.default\">\n\t\t\t\t<div class=\"elementor-widget-container\">\n\t\t\t\t\t\t\t<div class=\"elementor-social-icons-wrapper elementor-grid\" role=\"list\">\n\t\t\t\t\t\t\t<span class=\"elementor-grid-item\" role=\"listitem\">\n\t\t\t\t\t<a class=\"elementor-icon elementor-social-icon elementor-social-icon-instagram elementor-animation-sink elementor-repeater-item-0e43f29\" href=\"https:\/\/instagram.com\/atelier15.loftstudio\/\" target=\"_blank\">\n\t\t\t\t\t\t<span class=\"elementor-screen-only\">Instagram<\/span>\n\t\t\t\t\t\t<i aria-hidden=\"true\" class=\"fab fa-instagram\"><\/i>\t\t\t\t\t<\/a>\n\t\t\t\t<\/span>\n\t\t\t\t\t\t\t<span class=\"elementor-grid-item\" role=\"listitem\">\n\t\t\t\t\t<a class=\"elementor-icon elementor-social-icon elementor-social-icon-facebook elementor-animation-sink elementor-repeater-item-ed95cb1\" target=\"_blank\">\n\t\t\t\t\t\t<span class=\"elementor-screen-only\">Facebook<\/span>\n\t\t\t\t\t\t<i aria-hidden=\"true\" class=\"fab fa-facebook\"><\/i>\t\t\t\t\t<\/a>\n\t\t\t\t<\/span>\n\t\t\t\t\t\t\t<span class=\"elementor-grid-item\" role=\"listitem\">\n\t\t\t\t\t<a class=\"elementor-icon elementor-social-icon elementor-social-icon-twitter elementor-animation-sink elementor-repeater-item-aa7b7cb\" target=\"_blank\">\n\t\t\t\t\t\t<span class=\"elementor-screen-only\">Twitter<\/span>\n\t\t\t\t\t\t<i aria-hidden=\"true\" class=\"fab fa-twitter\"><\/i>\t\t\t\t\t<\/a>\n\t\t\t\t<\/span>\n\t\t\t\t\t<\/div>\n\t\t\t\t\t\t<\/div>\n\t\t\t\t<\/div>\n\t\t\t\t\t<\/div>\n\t\t<\/div>\n\t\t\t\t\t<\/div>\n\t\t<\/section>\n\t\t\t\t<\/div>","protected":false},"excerpt":{"rendered":"<p>standort jetzt buchen allgemeine gesch\u00e4ftsbedingungen Geltungsbereich Diese nachfolgenden allgemeinen Gesch\u00e4ftsbedingungen (im Folgenden &#8222;AGB&#8220; genannt) gelten f\u00fcr s\u00e4mtliche Auftr\u00e4ge, Angebote, Lieferungen und Leistungen, insbesondere die Vermietung des Mietstudios und der darin enthaltenen Gegenst\u00e4nde, technischen Ger\u00e4te und Anlagen durch Atelier 15. Die AGB gelten als vereinbart, sobald das Studio \u00fcbernommen, die Lieferung oder Leistung akzeptiert oder das [&hellip;]<\/p>\n","protected":false},"author":2,"featured_media":0,"parent":0,"menu_order":0,"comment_status":"closed","ping_status":"closed","template":"elementor_canvas","meta":{"footnotes":""},"class_list":["post-154","page","type-page","status-publish","hentry"],"_links":{"self":[{"href":"https:\/\/atelier15-loftstudio.de\/en\/wp-json\/wp\/v2\/pages\/154","targetHints":{"allow":["GET"]}}],"collection":[{"href":"https:\/\/atelier15-loftstudio.de\/en\/wp-json\/wp\/v2\/pages"}],"about":[{"href":"https:\/\/atelier15-loftstudio.de\/en\/wp-json\/wp\/v2\/types\/page"}],"author":[{"embeddable":true,"href":"https:\/\/atelier15-loftstudio.de\/en\/wp-json\/wp\/v2\/users\/2"}],"replies":[{"embeddable":true,"href":"https:\/\/atelier15-loftstudio.de\/en\/wp-json\/wp\/v2\/comments?post=154"}],"version-history":[{"count":34,"href":"https:\/\/atelier15-loftstudio.de\/en\/wp-json\/wp\/v2\/pages\/154\/revisions"}],"predecessor-version":[{"id":12961,"href":"https:\/\/atelier15-loftstudio.de\/en\/wp-json\/wp\/v2\/pages\/154\/revisions\/12961"}],"wp:attachment":[{"href":"https:\/\/atelier15-loftstudio.de\/en\/wp-json\/wp\/v2\/media?parent=154"}],"curies":[{"name":"wp","href":"https:\/\/api.w.org\/{rel}","templated":true}]}}